{"id":748,"date":"2016-03-10T18:52:12","date_gmt":"2016-03-10T18:52:12","guid":{"rendered":"https:\/\/default.houzez.co\/?page_id=748"},"modified":"2025-09-26T07:40:01","modified_gmt":"2025-09-26T07:40:01","slug":"privacy","status":"publish","type":"page","link":"https:\/\/keylodge-living.com\/index.php\/privacy\/","title":{"rendered":"Politique de Confidentialit\u00e9"},"content":{"rendered":"\n<p><\/p>\n\n\n\n<p>Politique de Confidentialit\u00e9<\/p>\n\n\n\n<p><strong>1 Introduction<\/strong><\/p>\n\n\n\n<p>Nous nous engageons \u00e0 prot\u00e9ger la confidentialit\u00e9 de vos donn\u00e9es personnelles. Cette politique de confidentialit\u00e9 explique comment nous collectons, utilisons, partageons et prot\u00e9geons vos informations.<\/p>\n\n\n\n<p><strong>2 Responsable du Traitement<\/strong><\/p>\n\n\n\n<p>Les donn\u00e9es collect\u00e9es via ce site sont trait\u00e9es par LOTUS DEVELOPPEMENT SAS, responsable du traitement des donn\u00e9es pour le compte des entit\u00e9s du groupe, list\u00e9es ci-dessous :<\/p>\n\n\n\n<p>SARL LOTUS<br>SAS LOTUS LIVING<br>SAS LOTUS DISTRIBUTION<br>SAS LOTUS MARKETING COMMUNICATION<br>SAS LOTUS SERVICES<br>2.3 Finalit\u00e9s et Bases L\u00e9gales du Traitement<\/p>\n\n\n\n<p>Les informations collect\u00e9es sont utilis\u00e9es pour :<br>\u2013 Fournir des services et r\u00e9pondre \u00e0 vos demandes<br>\u2013 Vous proposer des offres compl\u00e9mentaires de la part des filiales du groupe, dans le cadre de notre int\u00e9r\u00eat l\u00e9gitime \u00e0 vous informer des services disponibles au sein du groupe.<br>\u2013 Am\u00e9liorer notre site et nos services via des analyses statistiques.<\/p>\n\n\n\n<p><strong>2.4 Partage des Donn\u00e9es avec les Filiales<\/strong><\/p>\n\n\n\n<p>Nous partageons les donn\u00e9es recueillies avec les filiales du groupe LOTUS DEVELOPPEMENT pour vous faire d\u00e9couvrir des services compl\u00e9mentaires, m\u00eame si vous n\u2019avez pas sp\u00e9cifiquement demand\u00e9 \u00e0 en \u00eatre inform\u00e9.<\/p>\n\n\n\n<p><strong>2.5 Conservation des Donn\u00e9e<\/strong><\/p>\n\n\n\n<p>Vos donn\u00e9es sont conserv\u00e9es pour une dur\u00e9e de 3 ans \u00e0 partir de la derni\u00e8re interaction ou en conformit\u00e9 avec les obligations l\u00e9gales applicables.<\/p>\n\n\n\n<p>Enfin, nous vous informons de l\u2019existence de la liste d\u2019opposition au d\u00e9marchage t\u00e9l\u00e9phonique \u00ab Bloctel \u00bb, sur laquelle vous pouvez vous inscrire (https:\/\/www.bloctel.gouv.fr\/).<\/p>\n\n\n\n<p><strong>2.6 Vos Droits<\/strong><\/p>\n\n\n\n<p>En vertu du RGPD, vous disposez des droits suivants :<br>\u2013 Acc\u00e8s, rectification et effacement : Demander l\u2019acc\u00e8s, la rectification ou la suppression de vos donn\u00e9es.<br>\u2013 Opposition : Vous opposer \u00e0 certains traitements de vos donn\u00e9es, notamment en ce qui concerne les offres de nos filiales.<br>\u2013 Portabilit\u00e9 : Demander la portabilit\u00e9 de vos donn\u00e9es.<\/p>\n\n\n\n<p>Pour exercer ces droits, veuillez nous contacter \u00e0 contact@lotus-dvpt.com.<\/p>\n\n\n\n<p><strong>2.7 Contact<\/strong><\/p>\n\n\n\n<p>Pour toute question ou demande concernant vos donn\u00e9es personnelles, contactez notre D\u00e9l\u00e9gu\u00e9 \u00e0 la Protection des Donn\u00e9es (DPO) :<br>Email : dpo@lotus-dvpt.com<\/p>\n","protected":false},"excerpt":{"rendered":"<p>Politique de Confidentialit\u00e9 1 Introduction Nous nous engageons \u00e0 prot\u00e9ger la confidentialit\u00e9 de vos donn\u00e9es personnelles. Cette politique de confidentialit\u00e9 explique comment nous collectons, utilisons, partageons et prot\u00e9geons vos informations. 2 Responsable du Traitement Les donn\u00e9es collect\u00e9es via ce site sont trait\u00e9es par LOTUS DEVELOPPEMENT SAS, responsable du traitement des donn\u00e9es pour le compte des [&hellip;]<\/p>\n","protected":false},"author":1,"featured_media":0,"parent":0,"menu_order":0,"comment_status":"closed","ping_status":"closed","template":"template\/template-page.php","meta":{"_monsterinsights_skip_tracking":false,"_monsterinsights_sitenote_active":false,"_monsterinsights_sitenote_note":"","_monsterinsights_sitenote_category":0,"footnotes":""},"class_list":["post-748","page","type-page","status-publish","hentry"],"aioseo_notices":[],"_links":{"self":[{"href":"https:\/\/keylodge-living.com\/index.php\/wp-json\/wp\/v2\/pages\/748","targetHints":{"allow":["GET"]}}],"collection":[{"href":"https:\/\/keylodge-living.com\/index.php\/wp-json\/wp\/v2\/pages"}],"about":[{"href":"https:\/\/keylodge-living.com\/index.php\/wp-json\/wp\/v2\/types\/page"}],"author":[{"embeddable":true,"href":"https:\/\/keylodge-living.com\/index.php\/wp-json\/wp\/v2\/users\/1"}],"replies":[{"embeddable":true,"href":"https:\/\/keylodge-living.com\/index.php\/wp-json\/wp\/v2\/comments?post=748"}],"version-history":[{"count":1,"href":"https:\/\/keylodge-living.com\/index.php\/wp-json\/wp\/v2\/pages\/748\/revisions"}],"predecessor-version":[{"id":18641,"href":"https:\/\/keylodge-living.com\/index.php\/wp-json\/wp\/v2\/pages\/748\/revisions\/18641"}],"wp:attachment":[{"href":"https:\/\/keylodge-living.com\/index.php\/wp-json\/wp\/v2\/media?parent=748"}],"curies":[{"name":"wp","href":"https:\/\/api.w.org\/{rel}","templated":true}]}}