{"id":745,"date":"2016-03-10T18:51:46","date_gmt":"2016-03-10T18:51:46","guid":{"rendered":"https:\/\/default.houzez.co\/?page_id=745"},"modified":"2025-09-26T07:40:44","modified_gmt":"2025-09-26T07:40:44","slug":"terms-and-conditions","status":"publish","type":"page","link":"https:\/\/keylodge-living.com\/index.php\/terms-and-conditions\/","title":{"rendered":"Mentions l\u00e9gales"},"content":{"rendered":"\n<p>SAS LOTUS DEVELOPPEMENT<br>165 Chemin des Longoses, 97400 Saint-denis<br>Adresse email de contact : contact@lotus-dvpt.com<br>Siret : 89223717300026<br>Directeur de publication : M. DESVIGNES Romain<\/p>\n\n\n\n<p>H\u00e9bergeur : OVH<br>Nom de l\u2019h\u00e9bergeur : OVH<\/p>\n\n\n\n<p>Adresse compl\u00e8te : 2 rue Kellermann \u2013 59100 Roubaix<br>Num\u00e9ro de t\u00e9l\u00e9phone : +262 262 83 00 50<\/p>\n","protected":false},"excerpt":{"rendered":"<p>SAS LOTUS DEVELOPPEMENT165 Chemin des Longoses, 97400 Saint-denisAdresse email de contact : contact@lotus-dvpt.comSiret : 89223717300026Directeur de publication : M. DESVIGNES Romain H\u00e9bergeur : OVHNom de l\u2019h\u00e9bergeur : OVH Adresse compl\u00e8te : 2 rue Kellermann \u2013 59100 RoubaixNum\u00e9ro de t\u00e9l\u00e9phone : +262 262 83 00 50<\/p>\n","protected":false},"author":1,"featured_media":0,"parent":0,"menu_order":0,"comment_status":"closed","ping_status":"closed","template":"","meta":{"_monsterinsights_skip_tracking":false,"_monsterinsights_sitenote_active":false,"_monsterinsights_sitenote_note":"","_monsterinsights_sitenote_category":0,"footnotes":""},"class_list":["post-745","page","type-page","status-publish","hentry"],"aioseo_notices":[],"_links":{"self":[{"href":"https:\/\/keylodge-living.com\/index.php\/wp-json\/wp\/v2\/pages\/745","targetHints":{"allow":["GET"]}}],"collection":[{"href":"https:\/\/keylodge-living.com\/index.php\/wp-json\/wp\/v2\/pages"}],"about":[{"href":"https:\/\/keylodge-living.com\/index.php\/wp-json\/wp\/v2\/types\/page"}],"author":[{"embeddable":true,"href":"https:\/\/keylodge-living.com\/index.php\/wp-json\/wp\/v2\/users\/1"}],"replies":[{"embeddable":true,"href":"https:\/\/keylodge-living.com\/index.php\/wp-json\/wp\/v2\/comments?post=745"}],"version-history":[{"count":1,"href":"https:\/\/keylodge-living.com\/index.php\/wp-json\/wp\/v2\/pages\/745\/revisions"}],"predecessor-version":[{"id":18642,"href":"https:\/\/keylodge-living.com\/index.php\/wp-json\/wp\/v2\/pages\/745\/revisions\/18642"}],"wp:attachment":[{"href":"https:\/\/keylodge-living.com\/index.php\/wp-json\/wp\/v2\/media?parent=745"}],"curies":[{"name":"wp","href":"https:\/\/api.w.org\/{rel}","templated":true}]}}