{"id":18671,"date":"2025-09-26T08:31:23","date_gmt":"2025-09-26T08:31:23","guid":{"rendered":"https:\/\/keylodge-living.com\/?page_id=18671"},"modified":"2025-09-26T08:47:44","modified_gmt":"2025-09-26T08:47:44","slug":"investir-a-maurice","status":"publish","type":"page","link":"https:\/\/keylodge-living.com\/index.php\/investir-a-maurice\/","title":{"rendered":"Investir \u00e0 Maurice"},"content":{"rendered":"\t\t<div data-elementor-type=\"wp-page\" data-elementor-id=\"18671\" class=\"elementor elementor-18671\" data-elementor-post-type=\"page\">\n\t\t\t\t<div class=\"elementor-element elementor-element-8af0a46 e-flex e-con-boxed e-con e-parent\" data-id=\"8af0a46\" data-element_type=\"container\" data-e-type=\"container\">\n\t\t\t\t\t<div class=\"e-con-inner\">\n\t\t\t\t<div class=\"elementor-element elementor-element-1c650a7 elementor-widget elementor-widget-image\" data-id=\"1c650a7\" data-element_type=\"widget\" data-e-type=\"widget\" data-widget_type=\"image.default\">\n\t\t\t\t\t\t\t\t\t\t\t\t\t\t\t<img fetchpriority=\"high\" decoding=\"async\" width=\"1024\" height=\"480\" src=\"https:\/\/keylodge-living.com\/wp-content\/uploads\/2025\/09\/Capture-decran-2025-09-26-a-10.30.50.png\" class=\"attachment-large size-large wp-image-18672\" alt=\"\" srcset=\"\" \/>\t\t\t\t\t\t\t\t\t\t\t\t\t\t\t<\/div>\n\t\t\t\t\t<\/div>\n\t\t\t\t<\/div>\n\t\t<div class=\"elementor-element elementor-element-31baa61 e-flex e-con-boxed e-con e-parent\" data-id=\"31baa61\" data-element_type=\"container\" data-e-type=\"container\">\n\t\t\t\t\t<div class=\"e-con-inner\">\n\t\t\t\t<div class=\"elementor-element elementor-element-0cc93eb elementor-widget elementor-widget-text-editor\" data-id=\"0cc93eb\" data-element_type=\"widget\" data-e-type=\"widget\" data-widget_type=\"text-editor.default\">\n\t\t\t\t\t\t\t\t\t<p class=\"cvGsUA direction-ltr align-start para-style-body\"><span style=\"color: #ff0000;\"><strong><span class=\"a_GcMg font-feature-liga-off font-feature-clig-off font-feature-calt-off text-decoration-none text-strikethrough-none\">Pourquoi investir \u00e0 Maurice ?<\/span><\/strong><\/span><\/p><p class=\"cvGsUA direction-ltr align-start para-style-body\"><span class=\"a_GcMg font-feature-liga-off font-feature-clig-off font-feature-calt-off text-decoration-none text-strikethrough-none\">Maurice, situ\u00e9e dans l\u2019oc\u00e9an Indien, est l&#8217;une des destinations les plus attractives pour les investisseurs immobiliers. Avec ses paysages paradisiaques, son climat agr\u00e9able et son \u00e9conomie dynamique, investir \u00e0 Maurice offre de nombreuses opportunit\u00e9s \u00e0 ceux qui cherchent \u00e0 diversifier leur portefeuille immobilier dans un environnement propice \u00e0 l\u2019investissement.<\/span><\/p><p class=\"cvGsUA direction-ltr align-start para-style-body\">\u00a0<\/p><p class=\"cvGsUA direction-ltr align-start para-style-body\"><strong><span class=\"a_GcMg font-feature-liga-off font-feature-clig-off font-feature-calt-off text-decoration-none text-strikethrough-none\">Un march\u00e9 immobilier en forte croissance<\/span><\/strong><\/p><p class=\"cvGsUA direction-ltr align-start para-style-body\"><span class=\"a_GcMg font-feature-liga-off font-feature-clig-off font-feature-calt-off text-decoration-none text-strikethrough-none\">Le march\u00e9 immobilier mauricien conna\u00eet une forte croissance, soutenue par l\u2019augmentation du nombre de r\u00e9sidents \u00e9trangers, les projets d\u2019infrastructure de grande envergure et la demande soutenue dans le secteur du tourisme. Maurice offre des biens vari\u00e9s, allant des villas de luxe en bord de mer aux appartements modernes en ville, en passant par les propri\u00e9t\u00e9s agricoles et les terrains \u00e0 b\u00e2tir.<\/span><\/p><p class=\"cvGsUA direction-ltr align-start para-style-body\">\u00a0<\/p><p class=\"cvGsUA direction-ltr align-start para-style-body\"><strong><span class=\"a_GcMg font-feature-liga-off font-feature-clig-off font-feature-calt-off text-decoration-none text-strikethrough-none\">Rentabilit\u00e9 locative attractive<\/span><\/strong><\/p><p class=\"cvGsUA direction-ltr align-start para-style-body\"><span class=\"a_GcMg font-feature-liga-off font-feature-clig-off font-feature-calt-off text-decoration-none text-strikethrough-none\">Le secteur de la location saisonni\u00e8re \u00e0 Maurice est particuli\u00e8rement lucratif, gr\u00e2ce \u00e0 l\u2019afflux constant de touristes europ\u00e9ens et asiatiques. L&#8217;\u00eele attire \u00e9galement de nombreux expatri\u00e9s, en particulier dans les zones touristiques et dans les quartiers comme Grand Baie, Flic en Flac, et Tamarin. En outre, la demande pour les propri\u00e9t\u00e9s de luxe et les investissements dans le secteur du golf est en forte croissance.<\/span><\/p><p class=\"cvGsUA direction-ltr align-start para-style-body\">\u00a0<\/p><p class=\"cvGsUA direction-ltr align-start para-style-body\"><strong><span class=\"a_GcMg font-feature-liga-off font-feature-clig-off font-feature-calt-off text-decoration-none text-strikethrough-none\" style=\"color: #ff0000;\">Maurice : Contexte g\u00e9opolitique et politique<\/span><\/strong><\/p><p class=\"cvGsUA direction-ltr align-start para-style-body\"><strong><span class=\"a_GcMg font-feature-liga-off font-feature-clig-off font-feature-calt-off text-decoration-none text-strikethrough-none\">G\u00e9opolitique de Maurice<\/span><\/strong><\/p><p class=\"cvGsUA direction-ltr align-start para-style-body\"><span class=\"a_GcMg font-feature-liga-off font-feature-clig-off font-feature-calt-off text-decoration-none text-strikethrough-none\">Maurice est un pays insulaire ind\u00e9pendant, situ\u00e9 dans l\u2019oc\u00e9an Indien, \u00e0 environ 2 000 kilom\u00e8tres au large de la c\u00f4te sud-est de l&#8217;Afrique. C\u2019est une r\u00e9publique stable politiquement et \u00e9conomiquement, avec un environnement propice aux affaires. Bien que Maurice ne soit pas un d\u00e9partement d&#8217;outre-mer fran\u00e7ais comme La R\u00e9union, l\u2019\u00eele b\u00e9n\u00e9ficie de relations commerciales privil\u00e9gi\u00e9es avec l\u2019Union Europ\u00e9enne, la Chine, l\u2019Inde et d\u2019autres pays africains.<\/span><\/p><p class=\"cvGsUA direction-ltr align-start para-style-body\"><span class=\"a_GcMg font-feature-liga-off font-feature-clig-off font-feature-calt-off text-decoration-none text-strikethrough-none\">Le pays est \u00e9galement membre du Commonwealth, et les relations diplomatiques avec ses voisins africains et asiatiques sont solides, renfor\u00e7ant ainsi son r\u00f4le en tant que plateforme commerciale dans la r\u00e9gion. La stabilit\u00e9 politique, un syst\u00e8me juridique clair bas\u00e9 sur le droit britannique et des politiques favorables aux investisseurs font de Maurice un choix privil\u00e9gi\u00e9 pour les investisseurs \u00e9trangers.<\/span><\/p><p class=\"cvGsUA direction-ltr align-start para-style-body\">\u00a0<\/p><p class=\"cvGsUA direction-ltr align-start para-style-body\"><strong><span class=\"a_GcMg font-feature-liga-off font-feature-clig-off font-feature-calt-off text-decoration-none text-strikethrough-none\">Le contexte politique<\/span><\/strong><\/p><p class=\"cvGsUA direction-ltr align-start para-style-body\"><span class=\"a_GcMg font-feature-liga-off font-feature-clig-off font-feature-calt-off text-decoration-none text-strikethrough-none\">Maurice est une r\u00e9publique parlementaire stable. Le gouvernement mauricien met en place des politiques favorables aux entreprises et aux investisseurs \u00e9trangers, notamment gr\u00e2ce \u00e0 des r\u00e9formes fiscales et des incitations attractives pour l\u2019achat immobilier. L&#8217;\u00eele a mis en place des programmes visant \u00e0 attirer les investisseurs \u00e9trangers, comme le Property Development Scheme et le Integrated Resort Scheme (IRS), qui permettent aux non-r\u00e9sidents d\u2019acqu\u00e9rir des propri\u00e9t\u00e9s de luxe.<\/span><\/p><p class=\"cvGsUA direction-ltr align-start para-style-body\"><span class=\"a_GcMg font-feature-liga-off font-feature-clig-off font-feature-calt-off text-decoration-none text-strikethrough-none\">Les politiques publiques sont \u00e9galement orient\u00e9es vers le d\u00e9veloppement durable, avec des initiatives pour promouvoir l\u2019\u00e9co-tourisme et les investissements verts. La R\u00e9publicit\u00e9 fiscale et l&#8217;absence de restrictions sur l&#8217;achat de propri\u00e9t\u00e9s pour les \u00e9trangers sont des points forts qui rendent l&#8217;\u00eele particuli\u00e8rement attractive pour les investisseurs internationaux.<\/span><\/p><p class=\"cvGsUA direction-ltr align-start para-style-body\">\u00a0<\/p><p class=\"cvGsUA direction-ltr align-start para-style-body\"><strong><span class=\"a_GcMg font-feature-liga-off font-feature-clig-off font-feature-calt-off text-decoration-none text-strikethrough-none\" style=\"color: #ff0000;\">Le Contexte de D\u00e9veloppement et d&#8217;Investissement \u00e0 Maurice<\/span><\/strong><\/p><p class=\"cvGsUA direction-ltr align-start para-style-body\"><strong><span class=\"a_GcMg font-feature-liga-off font-feature-clig-off font-feature-calt-off text-decoration-none text-strikethrough-none\">D\u00e9veloppement \u00e9conomique et infrastructures<\/span><\/strong><\/p><p class=\"cvGsUA direction-ltr align-start para-style-body\"><span class=\"a_GcMg font-feature-liga-off font-feature-clig-off font-feature-calt-off text-decoration-none text-strikethrough-none\">Maurice a diversifi\u00e9 son \u00e9conomie au-del\u00e0 des secteurs traditionnels comme le sucre et le textile. Le pays s\u2019est impos\u00e9 comme un centre financier r\u00e9gional, un p\u00f4le touristique de premier plan et un acteur majeur dans le secteur des technologies de l&#8217;information et de la communication (TIC).<\/span><\/p><p class=\"cvGsUA direction-ltr align-start para-style-body\"><span class=\"a_GcMg font-feature-liga-off font-feature-clig-off font-feature-calt-off text-decoration-none text-strikethrough-none\">Les projets d&#8217;infrastructure sont soutenus par un plan de d\u00e9veloppement \u00e9conomique ambitieux, visant \u00e0 renforcer le r\u00e9seau de transport, am\u00e9liorer les infrastructures portuaires et a\u00e9roportuaires, et d\u00e9velopper des parcs industriels modernes. Ces initiatives renforcent l\u2019attractivit\u00e9 du pays pour les investisseurs immobiliers, notamment ceux qui souhaitent profiter de la croissance du secteur du tourisme et des demandes en mati\u00e8re de logement r\u00e9sidentiel et commercial.<\/span><\/p><p class=\"cvGsUA direction-ltr align-start para-style-body\">\u00a0<\/p><p class=\"cvGsUA direction-ltr align-start para-style-body\"><strong><span class=\"a_GcMg font-feature-liga-off font-feature-clig-off font-feature-calt-off text-decoration-none text-strikethrough-none\">Des opportunit\u00e9s pour les investisseurs<\/span><\/strong><\/p><p class=\"cvGsUA direction-ltr align-start para-style-body\"><span class=\"a_GcMg font-feature-liga-off font-feature-clig-off font-feature-calt-off text-decoration-none text-strikethrough-none\">Maurice offre un large \u00e9ventail d\u2019opportunit\u00e9s pour les investisseurs immobiliers, soutenues par des politiques gouvernementales attrayantes :<\/span><\/p><ul><li><span class=\"a_GcMg font-feature-liga-off font-feature-clig-off font-feature-calt-off text-decoration-none text-strikethrough-none\">Les r\u00e9sidences de luxe : Le secteur du tourisme de luxe et des propri\u00e9t\u00e9s haut de gamme est en plein essor, avec des projets IRS et RES permettant aux \u00e9trangers d\u2019investir dans des villas, appartements, et h\u00f4tels de luxe.<\/span><\/li><li><span class=\"a_GcMg font-feature-liga-off font-feature-clig-off font-feature-calt-off text-decoration-none text-strikethrough-none\">Les projets immobiliers de grande envergure : De nombreux projets d\u2019infrastructure et de d\u00e9veloppement urbain ont vu le jour, notamment dans les secteurs du commerce de d\u00e9tail, de l&#8217;h\u00f4tellerie et du r\u00e9sidentiel.<\/span><\/li><li><span class=\"a_GcMg font-feature-liga-off font-feature-clig-off font-feature-calt-off text-decoration-none text-strikethrough-none\">Les terrains agricoles et fonciers : Le march\u00e9 foncier \u00e0 Maurice est \u00e9galement attractif, notamment pour ceux qui cherchent \u00e0 acheter des terrains agricoles ou \u00e0 d\u00e9velopper des projets immobiliers.<\/span><\/li><\/ul><p class=\"cvGsUA direction-ltr align-start para-style-body\">\u00a0<\/p><p class=\"cvGsUA direction-ltr align-start para-style-body\"><span style=\"color: #ff0000;\"><strong><span class=\"a_GcMg font-feature-liga-off font-feature-clig-off font-feature-calt-off text-decoration-none text-strikethrough-none\">Les avantages d&#8217;investir \u00e0 Maurice<\/span><\/strong><\/span><\/p><p class=\"cvGsUA direction-ltr align-start para-style-body\"><strong><span class=\"a_GcMg font-feature-liga-off font-feature-clig-off font-feature-calt-off text-decoration-none text-strikethrough-none\">1. Une fiscalit\u00e9 avantageuse<\/span><\/strong><\/p><p class=\"cvGsUA direction-ltr align-start para-style-body\"><span class=\"a_GcMg font-feature-liga-off font-feature-clig-off font-feature-calt-off text-decoration-none text-strikethrough-none\">Maurice est un paradis fiscal pour les investisseurs. Le pays b\u00e9n\u00e9ficie d\u2019un imp\u00f4t sur les soci\u00e9t\u00e9s bas, de tr\u00e8s faibles taxes fonci\u00e8res et d\u2019un r\u00e9gime fiscal particuli\u00e8rement favorable pour les non-r\u00e9sidents. L\u2019imp\u00f4t sur le revenu est \u00e9galement attractif, et il n\u2019existe pas de taxe sur les plus-values pour la vente de biens immobiliers. De plus, Maurice ne pr\u00e9l\u00e8ve pas de droit de succession sur les biens immobiliers, ce qui constitue un avantage suppl\u00e9mentaire pour les investisseurs \u00e9trangers.<\/span><\/p><p class=\"cvGsUA direction-ltr align-start para-style-body\">\u00a0<\/p><p class=\"cvGsUA direction-ltr align-start para-style-body\"><strong><span class=\"a_GcMg font-feature-liga-off font-feature-clig-off font-feature-calt-off text-decoration-none text-strikethrough-none\">2. Un march\u00e9 en forte demande<\/span><\/strong><\/p><p class=\"cvGsUA direction-ltr align-start para-style-body\"><span class=\"a_GcMg font-feature-liga-off font-feature-clig-off font-feature-calt-off text-decoration-none text-strikethrough-none\">La demande pour les biens immobiliers \u00e0 Maurice est en constante augmentation, soutenue par l&#8217;essor du tourisme, la pr\u00e9sence croissante des expatri\u00e9s et l&#8217;ouverture \u00e9conomique du pays. Les secteurs de la location saisonni\u00e8re, des villas en bord de mer et des r\u00e9sidences de vacances connaissent une forte demande, en particulier dans des r\u00e9gions comme Grand Baie, Flic en Flac et Bel Ombre.<\/span><\/p><p class=\"cvGsUA direction-ltr align-start para-style-body\">\u00a0<\/p><p class=\"cvGsUA direction-ltr align-start para-style-body\"><strong><span class=\"a_GcMg font-feature-liga-off font-feature-clig-off font-feature-calt-off text-decoration-none text-strikethrough-none\">3. Un environnement \u00e9conomique stable et attractif<\/span><\/strong><\/p><p class=\"cvGsUA direction-ltr align-start para-style-body\"><span class=\"a_GcMg font-feature-liga-off font-feature-clig-off font-feature-calt-off text-decoration-none text-strikethrough-none\">Maurice jouit d\u2019une \u00e9conomie stable avec une croissance soutenue, une faible inflation, et un march\u00e9 du travail qualifi\u00e9. Le pays offre un excellent cadre de vie, une bonne connectivit\u00e9 internationale, ainsi qu&#8217;un secteur financier robuste. Ce climat \u00e9conomique stable et favorable \u00e0 l\u2019investissement contribue \u00e0 faire de Maurice une destination attrayante pour les investisseurs immobiliers.<\/span><\/p><p class=\"cvGsUA direction-ltr align-start para-style-body\">\u00a0<\/p><p class=\"cvGsUA direction-ltr align-start para-style-body\"><strong><span class=\"a_GcMg font-feature-liga-off font-feature-clig-off font-feature-calt-off text-decoration-none text-strikethrough-none\" style=\"color: #ff0000;\">Les \u00e9tapes pour investir \u00e0 Maurice<\/span><\/strong><\/p><p class=\"cvGsUA direction-ltr align-start para-style-body\"><strong><span class=\"a_GcMg font-feature-liga-off font-feature-clig-off font-feature-calt-off text-decoration-none text-strikethrough-none\">1. Comprendre le march\u00e9 immobilier mauricien<\/span><\/strong><\/p><p class=\"cvGsUA direction-ltr align-start para-style-body\"><span class=\"a_GcMg font-feature-liga-off font-feature-clig-off font-feature-calt-off text-decoration-none text-strikethrough-none\">Le march\u00e9 immobilier \u00e0 Maurice offre une diversit\u00e9 de biens allant des r\u00e9sidences de luxe, des appartements modernes, des villas avec vue sur mer aux terrains agricoles. Avant d\u2019investir, il est important de comprendre les secteurs cl\u00e9s de l&#8217;\u00eele, comme le tourisme, l\u2019industrie du luxe et l\u2019immobilier commercial. Nos experts Keylodge peuvent vous guider pour choisir le bien qui correspond \u00e0 vos objectifs d\u2019investissement.<\/span><\/p><p class=\"cvGsUA direction-ltr align-start para-style-body\">\u00a0<\/p><p class=\"cvGsUA direction-ltr align-start para-style-body\"><strong><span class=\"a_GcMg font-feature-liga-off font-feature-clig-off font-feature-calt-off text-decoration-none text-strikethrough-none\">2. Financer votre projet immobilier<\/span><\/strong><\/p><p class=\"cvGsUA direction-ltr align-start para-style-body\"><span class=\"a_GcMg font-feature-liga-off font-feature-clig-off font-feature-calt-off text-decoration-none text-strikethrough-none\">Maurice dispose d&#8217;un cadre financier adapt\u00e9 aux investisseurs \u00e9trangers. Les banques locales proposent des pr\u00eats immobiliers int\u00e9ressants, bien que les conditions diff\u00e8rent selon votre statut de r\u00e9sident. Nous pouvons vous orienter sur les diff\u00e9rentes options de financement disponibles pour les \u00e9trangers, tout en vous aidant \u00e0 naviguer dans le syst\u00e8me bancaire local.<\/span><\/p><p class=\"cvGsUA direction-ltr align-start para-style-body\">\u00a0<\/p><p class=\"cvGsUA direction-ltr align-start para-style-body\"><strong><span class=\"a_GcMg font-feature-liga-off font-feature-clig-off font-feature-calt-off text-decoration-none text-strikethrough-none\">3. Choisir l\u2019emplacement id\u00e9al<\/span><\/strong><\/p><p class=\"cvGsUA direction-ltr align-start para-style-body\"><span class=\"a_GcMg font-feature-liga-off font-feature-clig-off font-feature-calt-off text-decoration-none text-strikethrough-none\">L\u2019emplacement est un \u00e9l\u00e9ment crucial pour garantir la rentabilit\u00e9 de votre investissement immobilier \u00e0 Maurice. Les secteurs touristiques comme Grand Baie, Flic en Flac et Tamarin sont des zones populaires pour la location saisonni\u00e8re et les propri\u00e9t\u00e9s de vacances. Si vous cherchez un projet \u00e0 long terme, des zones comme Port Louis ou Eb\u00e8ne sont propices au d\u00e9veloppement immobilier commercial et r\u00e9sidentiel.<\/span><\/p><p class=\"cvGsUA direction-ltr align-start para-style-body\">\u00a0<\/p><p class=\"cvGsUA direction-ltr align-start para-style-body\"><strong><span class=\"a_GcMg font-feature-liga-off font-feature-clig-off font-feature-calt-off text-decoration-none text-strikethrough-none\">4. S\u2019assurer de la conformit\u00e9 l\u00e9gale<\/span><\/strong><\/p><p class=\"cvGsUA direction-ltr align-start para-style-body\"><span class=\"a_GcMg font-feature-liga-off font-feature-clig-off font-feature-calt-off text-decoration-none text-strikethrough-none\">Les \u00e9trangers peuvent acheter des biens \u00e0 Maurice via des dispositifs comme l\u2019Integrated Resort Scheme (IRS) et le Real Estate Scheme (RES), qui permettent l\u2019acquisition de propri\u00e9t\u00e9s d&#8217;une certaine valeur. Il est recommand\u00e9 de consulter un notaire local ou un avocat sp\u00e9cialis\u00e9 en droit immobilier pour vous assurer que toutes les d\u00e9marches sont conformes aux r\u00e9glementations locales.<\/span><\/p><p class=\"cvGsUA direction-ltr align-start para-style-body\">\u00a0<\/p><p class=\"cvGsUA direction-ltr align-start para-style-body\"><span style=\"color: #ff0000;\"><strong><span class=\"a_GcMg font-feature-liga-off font-feature-clig-off font-feature-calt-off text-decoration-none text-strikethrough-none\">Contactez-nous pour votre projet immobilier \u00e0 Maurice<\/span><\/strong><\/span><\/p><p class=\"cvGsUA direction-ltr align-start para-style-body\"><span class=\"a_GcMg font-feature-liga-off font-feature-clig-off font-feature-calt-off text-decoration-none text-strikethrough-none\">Investir \u00e0 Maurice est une opportunit\u00e9 \u00e0 saisir gr\u00e2ce \u00e0 son environnement \u00e9conomique favorable, sa fiscalit\u00e9 avantageuse, et son march\u00e9 immobilier en pleine expansion. Chez Keylodge, nous vous accompagnons \u00e0 chaque \u00e9tape de votre projet d&#8217;investissement immobilier \u00e0 Maurice.<\/span><\/p><p class=\"cvGsUA direction-ltr align-start para-style-body\">\u00a0<\/p><ul><li><strong><span class=\"a_GcMg font-feature-liga-off font-feature-clig-off font-feature-calt-off text-decoration-none text-strikethrough-none\">Contactez notre \u00e9quipe d&#8217;experts pour discuter de vos projets immobiliers \u00e0 Maurice.<\/span><\/strong><\/li><\/ul><p class=\"cvGsUA direction-ltr align-start para-style-body\">\u00a0<\/p><ul><li><strong><span class=\"a_GcMg font-feature-liga-off font-feature-clig-off font-feature-calt-off text-decoration-none text-strikethrough-none\">Prenez rendez-vous pour visiter nos biens ou pour des conseils personnalis\u00e9s.<\/span><\/strong><\/li><\/ul><p class=\"cvGsUA direction-ltr align-start para-style-body\">\u00a0<\/p><ul><li><strong><span class=\"a_GcMg font-feature-liga-off font-feature-clig-off font-feature-calt-off text-decoration-none text-strikethrough-none\">Demandez une \u00e9tude de rentabilit\u00e9 pour \u00e9valuer les avantages fiscaux et \u00e9conomiques de votre futur investissement.<\/span><\/strong><\/li><\/ul>\t\t\t\t\t\t\t\t<\/div>\n\t\t\t\t\t<\/div>\n\t\t\t\t<\/div>\n\t\t<div class=\"elementor-element elementor-element-b99fdaf e-flex e-con-boxed e-con e-parent\" data-id=\"b99fdaf\" data-element_type=\"container\" data-e-type=\"container\">\n\t\t\t\t\t<div class=\"e-con-inner\">\n\t\t\t\t<div class=\"elementor-element elementor-element-8ef00be elementor-fixed elementor-view-default elementor-widget elementor-widget-icon\" data-id=\"8ef00be\" data-element_type=\"widget\" data-e-type=\"widget\" data-settings=\"{&quot;_position&quot;:&quot;fixed&quot;}\" data-widget_type=\"icon.default\">\n\t\t\t\t\t\t\t<div class=\"elementor-icon-wrapper\">\n\t\t\t<a class=\"elementor-icon\" href=\"https:\/\/keylodge-living.com\/index.php\/contact\/\">\n\t\t\t<svg xmlns=\"http:\/\/www.w3.org\/2000\/svg\" width=\"130\" height=\"100\" viewBox=\"0 0 130 100\" fill=\"none\"><path d=\"M0 50C0 22.3858 22.3858 0 50 0H130V100H50C22.3858 100 0 77.6142 0 50Z\" fill=\"#B20000\"><\/path><path d=\"M93 49.5C93 26.0279 73.9721 7 50.5 7C27.0279 7 8 26.0279 8 49.5C8 72.9721 27.0279 92 50.5 92C73.9721 92 93 72.9721 93 49.5Z\" fill=\"#B20000\"><\/path><path d=\"M75.1781 31H25.8208C24.2686 31 23 32.2812 23 33.8465V65.1535C23 66.7188 24.2686 68 25.8208 68H75.1792C76.7303 68 78 66.7188 78 65.1535V33.8465C78 32.2812 76.7303 31 75.1792 31H75.1781ZM74.12 33.1343L52.1215 49.784C51.7262 50.0875 51.1193 50.2772 50.4995 50.275C49.8797 50.2783 49.2727 50.0875 48.8774 49.784L26.8789 33.1343H74.12ZM62.3693 50.8831L74.3563 65.8256C74.3681 65.8407 74.3832 65.8516 74.3961 65.8657H26.6029C26.6157 65.8516 26.6308 65.8407 26.6426 65.8256L38.6296 50.8831C38.997 50.4246 38.9271 49.7536 38.4727 49.3818C38.0184 49.0111 37.3534 49.0816 36.9861 49.5401L25.1151 64.3351V34.4687L47.6077 51.4923C48.4531 52.1275 49.4822 52.4072 50.4984 52.4104C51.5135 52.4083 52.5437 52.1286 53.3891 51.4923L75.8828 34.4687V64.3351L64.0129 49.539C63.6455 49.0805 62.9795 49.0101 62.5262 49.3808C62.0718 49.7515 62.002 50.4245 62.3693 50.8831Z\" fill=\"white\"><\/path><\/svg>\t\t\t<\/a>\n\t\t<\/div>\n\t\t\t\t\t\t<\/div>\n\t\t\t\t\t<\/div>\n\t\t\t\t<\/div>\n\t\t\t\t<\/div>\n\t\t","protected":false},"excerpt":{"rendered":"<p>Pourquoi investir \u00e0 Maurice ? Maurice, situ\u00e9e dans l\u2019oc\u00e9an Indien, est l&#8217;une des destinations les plus attractives pour les investisseurs immobiliers. Avec ses paysages paradisiaques, son climat agr\u00e9able et son \u00e9conomie dynamique, investir \u00e0 Maurice offre de nombreuses opportunit\u00e9s \u00e0 ceux qui cherchent \u00e0 diversifier leur portefeuille immobilier dans un environnement propice \u00e0 l\u2019investissement. \u00a0 [&hellip;]<\/p>\n","protected":false},"author":1,"featured_media":18672,"parent":0,"menu_order":0,"comment_status":"closed","ping_status":"closed","template":"elementor_header_footer","meta":{"_monsterinsights_skip_tracking":false,"_monsterinsights_sitenote_active":false,"_monsterinsights_sitenote_note":"","_monsterinsights_sitenote_category":0,"footnotes":""},"class_list":["post-18671","page","type-page","status-publish","has-post-thumbnail","hentry"],"aioseo_notices":[],"_links":{"self":[{"href":"https:\/\/keylodge-living.com\/index.php\/wp-json\/wp\/v2\/pages\/18671","targetHints":{"allow":["GET"]}}],"collection":[{"href":"https:\/\/keylodge-living.com\/index.php\/wp-json\/wp\/v2\/pages"}],"about":[{"href":"https:\/\/keylodge-living.com\/index.php\/wp-json\/wp\/v2\/types\/page"}],"author":[{"embeddable":true,"href":"https:\/\/keylodge-living.com\/index.php\/wp-json\/wp\/v2\/users\/1"}],"replies":[{"embeddable":true,"href":"https:\/\/keylodge-living.com\/index.php\/wp-json\/wp\/v2\/comments?post=18671"}],"version-history":[{"count":7,"href":"https:\/\/keylodge-living.com\/index.php\/wp-json\/wp\/v2\/pages\/18671\/revisions"}],"predecessor-version":[{"id":18693,"href":"https:\/\/keylodge-living.com\/index.php\/wp-json\/wp\/v2\/pages\/18671\/revisions\/18693"}],"wp:featuredmedia":[{"embeddable":true,"href":"https:\/\/keylodge-living.com\/index.php\/wp-json\/wp\/v2\/media\/18672"}],"wp:attachment":[{"href":"https:\/\/keylodge-living.com\/index.php\/wp-json\/wp\/v2\/media?parent=18671"}],"curies":[{"name":"wp","href":"https:\/\/api.w.org\/{rel}","templated":true}]}}