{"id":18663,"date":"2025-09-26T08:22:11","date_gmt":"2025-09-26T08:22:11","guid":{"rendered":"https:\/\/keylodge-living.com\/?page_id=18663"},"modified":"2025-09-26T08:46:34","modified_gmt":"2025-09-26T08:46:34","slug":"investir-a-la-reunion","status":"publish","type":"page","link":"https:\/\/keylodge-living.com\/index.php\/investir-a-la-reunion\/","title":{"rendered":"Investir \u00e0 La R\u00e9union"},"content":{"rendered":"\t\t<div data-elementor-type=\"wp-page\" data-elementor-id=\"18663\" class=\"elementor elementor-18663\" data-elementor-post-type=\"page\">\n\t\t\t\t<div class=\"elementor-element elementor-element-71b113f e-flex e-con-boxed e-con e-parent\" data-id=\"71b113f\" data-element_type=\"container\" data-e-type=\"container\">\n\t\t\t\t\t<div class=\"e-con-inner\">\n\t\t\t\t<div class=\"elementor-element elementor-element-77d14d8 elementor-widget elementor-widget-image\" data-id=\"77d14d8\" data-element_type=\"widget\" data-e-type=\"widget\" data-widget_type=\"image.default\">\n\t\t\t\t\t\t\t\t\t\t\t\t\t\t\t<img fetchpriority=\"high\" decoding=\"async\" width=\"1024\" height=\"478\" src=\"https:\/\/keylodge-living.com\/wp-content\/uploads\/2025\/09\/Capture-decran-2025-09-26-a-10.23.34.png\" class=\"attachment-large size-large wp-image-18667\" alt=\"\" srcset=\"\" \/>\t\t\t\t\t\t\t\t\t\t\t\t\t\t\t<\/div>\n\t\t\t\t\t<\/div>\n\t\t\t\t<\/div>\n\t\t<div class=\"elementor-element elementor-element-9c51cbb e-flex e-con-boxed e-con e-parent\" data-id=\"9c51cbb\" data-element_type=\"container\" data-e-type=\"container\">\n\t\t\t\t\t<div class=\"e-con-inner\">\n\t\t\t\t<div class=\"elementor-element elementor-element-b6b8f9d elementor-widget elementor-widget-text-editor\" data-id=\"b6b8f9d\" data-element_type=\"widget\" data-e-type=\"widget\" data-widget_type=\"text-editor.default\">\n\t\t\t\t\t\t\t\t\t<p class=\"cvGsUA direction-ltr align-start para-style-body\"><strong><span class=\"a_GcMg font-feature-liga-off font-feature-clig-off font-feature-calt-off text-decoration-none text-strikethrough-none\" style=\"color: #ff0000;\">Pourquoi investir \u00e0 La R\u00e9union ?<\/span><\/strong><\/p><p class=\"cvGsUA direction-ltr align-start para-style-body\"><span class=\"a_GcMg font-feature-liga-off font-feature-clig-off font-feature-calt-off text-decoration-none text-strikethrough-none\">La R\u00e9union, perle de l&#8217;oc\u00e9an Indien, est une destination unique qui attire de plus en plus d\u2019investisseurs immobiliers. Si vous \u00eates \u00e0 la recherche d\u2019un bien immobilier dans un environnement exceptionnel, avec un fort potentiel de rentabilit\u00e9, investir \u00e0 La R\u00e9union peut \u00eatre une d\u00e9cision strat\u00e9gique.<\/span><\/p><p class=\"cvGsUA direction-ltr align-start para-style-body\"><strong><span class=\"a_GcMg font-feature-liga-off font-feature-clig-off font-feature-calt-off text-decoration-none text-strikethrough-none\">Un march\u00e9 immobilier en pleine croissance<\/span><\/strong><\/p><p class=\"cvGsUA direction-ltr align-start para-style-body\"><span class=\"a_GcMg font-feature-liga-off font-feature-clig-off font-feature-calt-off text-decoration-none text-strikethrough-none\">La R\u00e9union conna\u00eet une dynamique immobili\u00e8re favorable, soutenue par la croissance d\u00e9mographique, la diversit\u00e9 des secteurs \u00e9conomiques et un secteur touristique en plein essor. Cela fait de l&#8217;\u00eele une destination de choix pour les investissements \u00e0 long terme. Que vous cherchiez \u00e0 investir dans un bien r\u00e9sidentiel, un projet locatif, ou une propri\u00e9t\u00e9 touristique, le march\u00e9 r\u00e9unionnais offre une multitude d\u2019opportunit\u00e9s.<\/span><\/p><p class=\"cvGsUA direction-ltr align-start para-style-body\"><strong><span class=\"a_GcMg font-feature-liga-off font-feature-clig-off font-feature-calt-off text-decoration-none text-strikethrough-none\">Rentabilit\u00e9 locative \u00e9lev\u00e9e<\/span><\/strong><\/p><p class=\"cvGsUA direction-ltr align-start para-style-body\"><span class=\"a_GcMg font-feature-liga-off font-feature-clig-off font-feature-calt-off text-decoration-none text-strikethrough-none\">Le secteur de la location saisonni\u00e8re est particuli\u00e8rement attractif, notamment pour les investisseurs \u00e9trangers et les expatri\u00e9s. La R\u00e9union b\u00e9n\u00e9ficie d&#8217;un afflux constant de touristes, notamment europ\u00e9ens et fran\u00e7ais, cr\u00e9ant ainsi une forte demande pour les locations \u00e0 court terme. L&#8217;\u00eele est \u00e9galement un lieu de r\u00e9sidence id\u00e9al pour ceux en qu\u00eate de tranquillit\u00e9, de nature et de proximit\u00e9 avec l&#8217;oc\u00e9an.<\/span><\/p><p class=\"cvGsUA direction-ltr align-start para-style-body\">\u00a0<\/p><p class=\"cvGsUA direction-ltr align-start para-style-body\"><strong><span class=\"a_GcMg font-feature-liga-off font-feature-clig-off font-feature-calt-off text-decoration-none text-strikethrough-none\" style=\"color: #ff0000;\">La R\u00e9union : Contexte g\u00e9opolitique et politique<\/span><\/strong><\/p><p class=\"cvGsUA direction-ltr align-start para-style-body\"><strong><span class=\"a_GcMg font-feature-liga-off font-feature-clig-off font-feature-calt-off text-decoration-none text-strikethrough-none\">G\u00e9opolitique de La R\u00e9union<\/span><\/strong><\/p><p class=\"cvGsUA direction-ltr align-start para-style-body\"><span class=\"a_GcMg font-feature-liga-off font-feature-clig-off font-feature-calt-off text-decoration-none text-strikethrough-none\">La R\u00e9union est un d\u00e9partement d&#8217;outre-mer (DOM) fran\u00e7ais, situ\u00e9 dans l&#8217;oc\u00e9an Indien, \u00e0 environ 700 km \u00e0 l&#8217;est de Madagascar et 170 km au sud de l&#8217;\u00eele Maurice. Bien qu&#8217;elle soit un territoire \u00e9loign\u00e9, la R\u00e9union b\u00e9n\u00e9ficie du statut de d\u00e9partement fran\u00e7ais et fait partie de l\u2019Union Europ\u00e9enne. Ce statut particulier permet aux investisseurs de b\u00e9n\u00e9ficier des m\u00eames avantages fiscaux et des dispositifs juridiques que ceux en vigueur en France m\u00e9tropolitaine.<\/span><\/p><p class=\"cvGsUA direction-ltr align-start para-style-body\"><span class=\"a_GcMg font-feature-liga-off font-feature-clig-off font-feature-calt-off text-decoration-none text-strikethrough-none\">Sa position strat\u00e9gique, entre l&#8217;Afrique, l&#8217;Asie et l&#8217;Australie, en fait un carrefour important pour les \u00e9changes commerciaux, notamment avec les pays de l&#8217;oc\u00e9an Indien, et une porte d\u2019entr\u00e9e vers l\u2019Afrique et l\u2019Asie. Cela en fait une destination id\u00e9ale pour les investissements en infrastructures, mais aussi pour les entreprises cherchant \u00e0 se d\u00e9velopper \u00e0 l&#8217;international.<\/span><\/p><p class=\"cvGsUA direction-ltr align-start para-style-body\">\u00a0<\/p><p class=\"cvGsUA direction-ltr align-start para-style-body\"><strong><span class=\"a_GcMg font-feature-liga-off font-feature-clig-off font-feature-calt-off text-decoration-none text-strikethrough-none\">Le contexte politique<\/span><\/strong><\/p><p class=\"cvGsUA direction-ltr align-start para-style-body\"><span class=\"a_GcMg font-feature-liga-off font-feature-clig-off font-feature-calt-off text-decoration-none text-strikethrough-none\">La R\u00e9union est une r\u00e9gion fran\u00e7aise dot\u00e9e d\u2019une large autonomie, mais elle reste sous l&#8217;autorit\u00e9 de l&#8217;\u00c9tat fran\u00e7ais. Son gouvernement local, la R\u00e9gion R\u00e9union, dispose de pouvoirs dans plusieurs domaines, tels que l&#8217;am\u00e9nagement du territoire, les transports, la culture, et l&#8217;\u00e9conomie. Le pr\u00e9sident de la r\u00e9gion est un acteur cl\u00e9 dans les d\u00e9cisions politiques locales.<\/span><\/p><p class=\"cvGsUA direction-ltr align-start para-style-body\"><span class=\"a_GcMg font-feature-liga-off font-feature-clig-off font-feature-calt-off text-decoration-none text-strikethrough-none\">Les politiques publiques sont souvent orient\u00e9es vers la promotion du d\u00e9veloppement \u00e9conomique local, l&#8217;am\u00e9lioration de l&#8217;emploi et l\u2019investissement dans les infrastructures. La R\u00e9union b\u00e9n\u00e9ficie d&#8217;un environnement politique stable, avec un cadre juridique respect\u00e9, ce qui rassure les investisseurs \u00e9trangers. Les r\u00e9formes r\u00e9centes ont \u00e9galement renforc\u00e9 la comp\u00e9titivit\u00e9 de l&#8217;\u00eele, facilitant les investissements priv\u00e9s et publics.<\/span><\/p><p class=\"cvGsUA direction-ltr align-start para-style-body\"><span class=\"a_GcMg font-feature-liga-off font-feature-clig-off font-feature-calt-off text-decoration-none text-strikethrough-none\">Le territoire est \u00e9galement soutenu par des aides et subventions nationales et europ\u00e9ennes, ce qui permet d\u2019accompagner les projets immobiliers, en particulier dans le neuf ou les projets de r\u00e9novation.<\/span><\/p><p class=\"cvGsUA direction-ltr align-start para-style-body\">\u00a0<\/p><p class=\"cvGsUA direction-ltr align-start para-style-body\"><span style=\"color: #ff0000;\"><strong><span class=\"a_GcMg font-feature-liga-off font-feature-clig-off font-feature-calt-off text-decoration-none text-strikethrough-none\">Le Contexte de D\u00e9veloppement et d&#8217;Investissement \u00e0 La R\u00e9union<\/span><\/strong><\/span><\/p><p class=\"cvGsUA direction-ltr align-start para-style-body\"><strong><span class=\"a_GcMg font-feature-liga-off font-feature-clig-off font-feature-calt-off text-decoration-none text-strikethrough-none\">D\u00e9veloppement \u00e9conomique et infrastructure<\/span><\/strong><\/p><p class=\"cvGsUA direction-ltr align-start para-style-body\"><span class=\"a_GcMg font-feature-liga-off font-feature-clig-off font-feature-calt-off text-decoration-none text-strikethrough-none\">La R\u00e9union b\u00e9n\u00e9ficie d&#8217;un secteur \u00e9conomique diversifi\u00e9 et en constante \u00e9volution. L&#8217;\u00eele a su se diversifier au-del\u00e0 de l\u2019agriculture et du tourisme, en d\u00e9veloppant des secteurs tels que l&#8217;industrie, la technologie, l\u2019\u00e9co-tourisme, et la sant\u00e9.<\/span><\/p><p class=\"cvGsUA direction-ltr align-start para-style-body\"><span class=\"a_GcMg font-feature-liga-off font-feature-clig-off font-feature-calt-off text-decoration-none text-strikethrough-none\">Les infrastructures de transport ont consid\u00e9rablement \u00e9volu\u00e9 ces derni\u00e8res ann\u00e9es. Le d\u00e9veloppement de l\u2019a\u00e9roport international Roland Garros, la modernisation du r\u00e9seau routier et des ports a renforc\u00e9 l&#8217;accessibilit\u00e9 et l&#8217;attractivit\u00e9 de l&#8217;\u00eele pour les investisseurs. Le r\u00e9seau de t\u00e9l\u00e9communications et les infrastructures num\u00e9riques sont \u00e9galement en plein d\u00e9veloppement, facilitant l\u2019implantation de nouveaux projets commerciaux ou d\u2019entreprises \u00e0 fort potentiel.<\/span><\/p><p class=\"cvGsUA direction-ltr align-start para-style-body\">\u00a0<\/p><p class=\"cvGsUA direction-ltr align-start para-style-body\"><strong><span class=\"a_GcMg font-feature-liga-off font-feature-clig-off font-feature-calt-off text-decoration-none text-strikethrough-none\">Des opportunit\u00e9s pour les investisseurs<\/span><\/strong><\/p><p class=\"cvGsUA direction-ltr align-start para-style-body\"><span class=\"a_GcMg font-feature-liga-off font-feature-clig-off font-feature-calt-off text-decoration-none text-strikethrough-none\">Le march\u00e9 immobilier r\u00e9unionnais offre un large \u00e9ventail d\u2019opportunit\u00e9s pour les investisseurs, notamment gr\u00e2ce \u00e0 :<\/span><\/p><ul><li><span class=\"a_GcMg font-feature-liga-off font-feature-clig-off font-feature-calt-off text-decoration-none text-strikethrough-none\">Des projets de r\u00e9novation urbaine dans des zones strat\u00e9giques comme Saint-Denis ou Saint-Pierre. Les programmes de r\u00e9habilitation urbaine sont soutenus par l&#8217;\u00c9tat, avec des dispositifs financiers comme le cr\u00e9dit d&#8217;imp\u00f4t pour les travaux de r\u00e9novation.<\/span><\/li><li><span class=\"a_GcMg font-feature-liga-off font-feature-clig-off font-feature-calt-off text-decoration-none text-strikethrough-none\">Le d\u00e9veloppement du tourisme durable, notamment \u00e0 travers des initiatives d&#8217;\u00e9co-tourisme qui favorisent les investissements dans des propri\u00e9t\u00e9s de charme, des h\u00f4tels ou des maisons d&#8217;h\u00f4tes en bord de mer ou en montagne.<\/span><\/li><li><span class=\"a_GcMg font-feature-liga-off font-feature-clig-off font-feature-calt-off text-decoration-none text-strikethrough-none\">Les secteurs en d\u00e9veloppement, tels que les \u00e9nergies renouvelables, les technologies vertes et l\u2019agro-industrie, sont \u00e9galement des secteurs d\u2019avenir pour l\u2019investissement \u00e0 La R\u00e9union. L\u2019\u00eele offre un fort potentiel en mati\u00e8re de panneaux solaires et d&#8217;\u00e9nergie \u00e9olienne, soutenu par des politiques locales et des subventions publiques.<\/span><\/li><\/ul><p class=\"cvGsUA direction-ltr align-start para-style-body\">\u00a0<\/p><p class=\"cvGsUA direction-ltr align-start para-style-body\"><strong><span class=\"a_GcMg font-feature-liga-off font-feature-clig-off font-feature-calt-off text-decoration-none text-strikethrough-none\" style=\"color: #ff0000;\">Les avantages d&#8217;investir \u00e0 La R\u00e9union<\/span><\/strong><\/p><p class=\"cvGsUA direction-ltr align-start para-style-body\"><strong><span class=\"a_GcMg font-feature-liga-off font-feature-clig-off font-feature-calt-off text-decoration-none text-strikethrough-none\">1. Une fiscalit\u00e9 avantageuse<\/span><\/strong><\/p><p class=\"cvGsUA direction-ltr align-start para-style-body\"><span class=\"a_GcMg font-feature-liga-off font-feature-clig-off font-feature-calt-off text-decoration-none text-strikethrough-none\">La R\u00e9union b\u00e9n\u00e9ficie des dispositifs fiscaux fran\u00e7ais qui favorisent l&#8217;investissement immobilier. En tant que d\u00e9partement d&#8217;outre-mer, les investisseurs peuvent b\u00e9n\u00e9ficier d&#8217;avantages fiscaux comme le dispositif Pinel pour la location neuve ou l\u2019investissement dans des logements meubl\u00e9s en location saisonni\u00e8re. Ce type d&#8217;investissement peut vous offrir des r\u00e9ductions fiscales substantielles, vous permettant ainsi d\u2019optimiser la rentabilit\u00e9 de votre investissement.<\/span><\/p><p class=\"cvGsUA direction-ltr align-start para-style-body\">\u00a0<\/p><p class=\"cvGsUA direction-ltr align-start para-style-body\"><strong><span class=\"a_GcMg font-feature-liga-off font-feature-clig-off font-feature-calt-off text-decoration-none text-strikethrough-none\">2. Un emplacement strat\u00e9gique<\/span><\/strong><\/p><p class=\"cvGsUA direction-ltr align-start para-style-body\"><span class=\"a_GcMg font-feature-liga-off font-feature-clig-off font-feature-calt-off text-decoration-none text-strikethrough-none\">Situ\u00e9e entre l&#8217;Afrique, l&#8217;Asie et l&#8217;Australie, La R\u00e9union jouit d\u2019un positionnement g\u00e9ographique id\u00e9al pour les \u00e9changes commerciaux et les activit\u00e9s touristiques. De plus, le d\u00e9veloppement des infrastructures (routes, a\u00e9roports, ports) continue de renforcer l\u2019accessibilit\u00e9 \u00e0 l\u2019\u00eele et d\u2019augmenter la demande en logements. Que vous cherchiez un bien dans les zones urbaines comme Saint-Denis ou des endroits plus isol\u00e9s et naturels, l&#8217;\u00eele offre une grande vari\u00e9t\u00e9 de choix.<\/span><\/p><p class=\"cvGsUA direction-ltr align-start para-style-body\">\u00a0<\/p><p class=\"cvGsUA direction-ltr align-start para-style-body\"><strong><span class=\"a_GcMg font-feature-liga-off font-feature-clig-off font-feature-calt-off text-decoration-none text-strikethrough-none\">3. Une demande touristique croissante<\/span><\/strong><\/p><p class=\"cvGsUA direction-ltr align-start para-style-body\"><span class=\"a_GcMg font-feature-liga-off font-feature-clig-off font-feature-calt-off text-decoration-none text-strikethrough-none\">La R\u00e9union est une destination pris\u00e9e par les voyageurs \u00e0 la recherche d&#8217;aventure, de nature pr\u00e9serv\u00e9e et de plages magnifiques. L&#8217;\u00eele attire chaque ann\u00e9e des milliers de touristes, cr\u00e9ant ainsi un march\u00e9 locatif lucratif. Un bien immobilier \u00e0 louer \u00e0 La R\u00e9union peut donc devenir une source de revenu stable pour les investisseurs, notamment dans les secteurs du tourisme haut de gamme, des locations saisonni\u00e8res et des r\u00e9sidences de vacances.<\/span><\/p><p class=\"cvGsUA direction-ltr align-start para-style-body\">\u00a0<\/p><p class=\"cvGsUA direction-ltr align-start para-style-body\"><span style=\"color: #ff0000;\"><strong><span class=\"a_GcMg font-feature-liga-off font-feature-clig-off font-feature-calt-off text-decoration-none text-strikethrough-none\">Les \u00e9tapes pour investir \u00e0 La R\u00e9union<\/span><\/strong><\/span><\/p><p class=\"cvGsUA direction-ltr align-start para-style-body\"><strong><span class=\"a_GcMg font-feature-liga-off font-feature-clig-off font-feature-calt-off text-decoration-none text-strikethrough-none\">1. Comprendre le march\u00e9 immobilier r\u00e9unionnais<\/span><\/strong><\/p><p class=\"cvGsUA direction-ltr align-start para-style-body\"><span class=\"a_GcMg font-feature-liga-off font-feature-clig-off font-feature-calt-off text-decoration-none text-strikethrough-none\">Investir \u00e0 La R\u00e9union n\u00e9cessite une bonne compr\u00e9hension des sp\u00e9cificit\u00e9s du march\u00e9 local. Le territoire offre une vari\u00e9t\u00e9 de types de biens : appartements modernes, villas avec vue sur mer, terrains \u00e0 b\u00e2tir et maisons de charme. En tant qu&#8217;acheteur, vous devrez bien d\u00e9finir vos objectifs d&#8217;investissement avant de vous lancer. Est-ce pour la location \u00e0 long terme, saisonni\u00e8re, ou un bien de prestige ? Nos experts Keylodge peuvent vous accompagner pour d\u00e9finir le type de bien qui correspond \u00e0 vos attentes.<\/span><\/p><p class=\"cvGsUA direction-ltr align-start para-style-body\">\u00a0<\/p><p class=\"cvGsUA direction-ltr align-start para-style-body\"><strong><span class=\"a_GcMg font-feature-liga-off font-feature-clig-off font-feature-calt-off text-decoration-none text-strikethrough-none\">2. Financer votre projet immobilier<\/span><\/strong><\/p><p class=\"cvGsUA direction-ltr align-start para-style-body\"><span class=\"a_GcMg font-feature-liga-off font-feature-clig-off font-feature-calt-off text-decoration-none text-strikethrough-none\">L&#8217;achat immobilier \u00e0 La R\u00e9union suit les m\u00eames r\u00e8gles que dans l&#8217;Hexagone, bien que des sp\u00e9cificit\u00e9s puissent s&#8217;appliquer pour les r\u00e9sidents \u00e9trangers ou les investisseurs expatri\u00e9s. Nos experts peuvent vous aider \u00e0 explorer les options de financement disponibles, notamment les pr\u00eats immobiliers en France ou les aides fiscales pour les investisseurs.<\/span><\/p><p class=\"cvGsUA direction-ltr align-start para-style-body\">\u00a0<\/p><p class=\"cvGsUA direction-ltr align-start para-style-body\"><strong><span class=\"a_GcMg font-feature-liga-off font-feature-clig-off font-feature-calt-off text-decoration-none text-strikethrough-none\">3. Choisir le bon emplacement<\/span><\/strong><\/p><p class=\"cvGsUA direction-ltr align-start para-style-body\"><span class=\"a_GcMg font-feature-liga-off font-feature-clig-off font-feature-calt-off text-decoration-none text-strikethrough-none\">La R\u00e9union propose une diversit\u00e9 g\u00e9ographique, allant des zones urbaines aux zones plus recul\u00e9es. Les secteurs comme Saint-Denis, Saint-Pierre, Saint-Gilles, ou Cilaos sont populaires aupr\u00e8s des investisseurs. Chaque r\u00e9gion pr\u00e9sente ses propres caract\u00e9ristiques, avantages et inconv\u00e9nients. Par exemple, investir dans une zone touristique en bord de mer peut offrir une forte rentabilit\u00e9 locative saisonni\u00e8re, tandis qu&#8217;un bien en montagne pourrait offrir une exp\u00e9rience plus calme et authentique.<\/span><\/p><p class=\"cvGsUA direction-ltr align-start para-style-body\">\u00a0<\/p><p class=\"cvGsUA direction-ltr align-start para-style-body\"><strong><span class=\"a_GcMg font-feature-liga-off font-feature-clig-off font-feature-calt-off text-decoration-none text-strikethrough-none\">4. Comprendre les d\u00e9marches administratives<\/span><\/strong><\/p><p class=\"cvGsUA direction-ltr align-start para-style-body\"><span class=\"a_GcMg font-feature-liga-off font-feature-clig-off font-feature-calt-off text-decoration-none text-strikethrough-none\">L&#8217;achat immobilier \u00e0 La R\u00e9union suit les proc\u00e9dures classiques du droit fran\u00e7ais, mais certaines d\u00e9marches peuvent diff\u00e9rer pour les non-r\u00e9sidents. Vous devrez prendre en compte les frais de notaire, les taxes locales, ainsi que les r\u00e9glementations sp\u00e9cifiques \u00e0 certaines zones prot\u00e9g\u00e9es. Nos experts locaux vous guideront tout au long du processus pour faciliter votre acquisition.<\/span><\/p><p class=\"cvGsUA direction-ltr align-start para-style-body\">\u00a0<\/p><p class=\"cvGsUA direction-ltr align-start para-style-body\"><strong><span class=\"a_GcMg font-feature-liga-off font-feature-clig-off font-feature-calt-off text-decoration-none text-strikethrough-none\" style=\"color: #ff0000;\">Contactez-nous pour votre projet immobilier \u00e0 La R\u00e9union<\/span><\/strong><\/p><p class=\"cvGsUA direction-ltr align-start para-style-body\"><span class=\"a_GcMg font-feature-liga-off font-feature-clig-off font-feature-calt-off text-decoration-none text-strikethrough-none\">Investir \u00e0 La R\u00e9union est une opportunit\u00e9 exceptionnelle, mais cela n\u00e9cessite de bien comprendre le march\u00e9 local, les d\u00e9marches administratives et les opportunit\u00e9s \u00e9conomiques. Chez Keylodge, nous vous accompagnons \u00e0 chaque \u00e9tape de votre projet immobilier pour vous offrir la meilleure exp\u00e9rience d&#8217;achat.<\/span><\/p><p class=\"cvGsUA direction-ltr align-start para-style-body\">\u00a0<\/p><ul><li><strong><span class=\"a_GcMg font-feature-liga-off font-feature-clig-off font-feature-calt-off text-decoration-none text-strikethrough-none\">Contactez notre \u00e9quipe d&#8217;experts pour discuter de vos projets d&#8217;investissement immobilier \u00e0 La R\u00e9union.<\/span><\/strong><\/li><\/ul><p class=\"cvGsUA direction-ltr align-start para-style-body\">\u00a0<\/p><ul><li><strong><span class=\"a_GcMg font-feature-liga-off font-feature-clig-off font-feature-calt-off text-decoration-none text-strikethrough-none\">Prenez rendez-vous pour visiter les biens ou pour des conseils personnalis\u00e9s.<\/span><\/strong><\/li><\/ul><p>\u00a0<\/p><ul><li><strong><span class=\"a_GcMg font-feature-liga-off font-feature-clig-off font-feature-calt-off text-decoration-none text-strikethrough-none\">Demandez une \u00e9tude de rentabilit\u00e9 pour \u00e9valuer les avantages fiscaux et \u00e9conomiques de votre futur investissement.<\/span><\/strong><\/li><\/ul>\t\t\t\t\t\t\t\t<\/div>\n\t\t\t\t\t<\/div>\n\t\t\t\t<\/div>\n\t\t<div class=\"elementor-element elementor-element-92f6484 e-flex e-con-boxed e-con e-parent\" data-id=\"92f6484\" data-element_type=\"container\" data-e-type=\"container\">\n\t\t\t\t\t<div class=\"e-con-inner\">\n\t\t\t\t<div class=\"elementor-element elementor-element-71d8466 elementor-fixed elementor-view-default elementor-widget elementor-widget-icon\" data-id=\"71d8466\" data-element_type=\"widget\" data-e-type=\"widget\" data-settings=\"{&quot;_position&quot;:&quot;fixed&quot;}\" data-widget_type=\"icon.default\">\n\t\t\t\t\t\t\t<div class=\"elementor-icon-wrapper\">\n\t\t\t<a class=\"elementor-icon\" href=\"https:\/\/keylodge-living.com\/index.php\/contact\/\">\n\t\t\t<svg xmlns=\"http:\/\/www.w3.org\/2000\/svg\" width=\"130\" height=\"100\" viewBox=\"0 0 130 100\" fill=\"none\"><path d=\"M0 50C0 22.3858 22.3858 0 50 0H130V100H50C22.3858 100 0 77.6142 0 50Z\" fill=\"#B20000\"><\/path><path d=\"M93 49.5C93 26.0279 73.9721 7 50.5 7C27.0279 7 8 26.0279 8 49.5C8 72.9721 27.0279 92 50.5 92C73.9721 92 93 72.9721 93 49.5Z\" fill=\"#B20000\"><\/path><path d=\"M75.1781 31H25.8208C24.2686 31 23 32.2812 23 33.8465V65.1535C23 66.7188 24.2686 68 25.8208 68H75.1792C76.7303 68 78 66.7188 78 65.1535V33.8465C78 32.2812 76.7303 31 75.1792 31H75.1781ZM74.12 33.1343L52.1215 49.784C51.7262 50.0875 51.1193 50.2772 50.4995 50.275C49.8797 50.2783 49.2727 50.0875 48.8774 49.784L26.8789 33.1343H74.12ZM62.3693 50.8831L74.3563 65.8256C74.3681 65.8407 74.3832 65.8516 74.3961 65.8657H26.6029C26.6157 65.8516 26.6308 65.8407 26.6426 65.8256L38.6296 50.8831C38.997 50.4246 38.9271 49.7536 38.4727 49.3818C38.0184 49.0111 37.3534 49.0816 36.9861 49.5401L25.1151 64.3351V34.4687L47.6077 51.4923C48.4531 52.1275 49.4822 52.4072 50.4984 52.4104C51.5135 52.4083 52.5437 52.1286 53.3891 51.4923L75.8828 34.4687V64.3351L64.0129 49.539C63.6455 49.0805 62.9795 49.0101 62.5262 49.3808C62.0718 49.7515 62.002 50.4245 62.3693 50.8831Z\" fill=\"white\"><\/path><\/svg>\t\t\t<\/a>\n\t\t<\/div>\n\t\t\t\t\t\t<\/div>\n\t\t\t\t\t<\/div>\n\t\t\t\t<\/div>\n\t\t\t\t<\/div>\n\t\t","protected":false},"excerpt":{"rendered":"<p>Pourquoi investir \u00e0 La R\u00e9union ? La R\u00e9union, perle de l&#8217;oc\u00e9an Indien, est une destination unique qui attire de plus en plus d\u2019investisseurs immobiliers. Si vous \u00eates \u00e0 la recherche d\u2019un bien immobilier dans un environnement exceptionnel, avec un fort potentiel de rentabilit\u00e9, investir \u00e0 La R\u00e9union peut \u00eatre une d\u00e9cision strat\u00e9gique. Un march\u00e9 immobilier [&hellip;]<\/p>\n","protected":false},"author":1,"featured_media":18664,"parent":0,"menu_order":0,"comment_status":"closed","ping_status":"closed","template":"elementor_header_footer","meta":{"_monsterinsights_skip_tracking":false,"_monsterinsights_sitenote_active":false,"_monsterinsights_sitenote_note":"","_monsterinsights_sitenote_category":0,"footnotes":""},"class_list":["post-18663","page","type-page","status-publish","has-post-thumbnail","hentry"],"aioseo_notices":[],"_links":{"self":[{"href":"https:\/\/keylodge-living.com\/index.php\/wp-json\/wp\/v2\/pages\/18663","targetHints":{"allow":["GET"]}}],"collection":[{"href":"https:\/\/keylodge-living.com\/index.php\/wp-json\/wp\/v2\/pages"}],"about":[{"href":"https:\/\/keylodge-living.com\/index.php\/wp-json\/wp\/v2\/types\/page"}],"author":[{"embeddable":true,"href":"https:\/\/keylodge-living.com\/index.php\/wp-json\/wp\/v2\/users\/1"}],"replies":[{"embeddable":true,"href":"https:\/\/keylodge-living.com\/index.php\/wp-json\/wp\/v2\/comments?post=18663"}],"version-history":[{"count":7,"href":"https:\/\/keylodge-living.com\/index.php\/wp-json\/wp\/v2\/pages\/18663\/revisions"}],"predecessor-version":[{"id":18690,"href":"https:\/\/keylodge-living.com\/index.php\/wp-json\/wp\/v2\/pages\/18663\/revisions\/18690"}],"wp:featuredmedia":[{"embeddable":true,"href":"https:\/\/keylodge-living.com\/index.php\/wp-json\/wp\/v2\/media\/18664"}],"wp:attachment":[{"href":"https:\/\/keylodge-living.com\/index.php\/wp-json\/wp\/v2\/media?parent=18663"}],"curies":[{"name":"wp","href":"https:\/\/api.w.org\/{rel}","templated":true}]}}